{"id":13,"date":"2025-07-22T14:14:57","date_gmt":"2025-07-22T14:14:57","guid":{"rendered":"https:\/\/www.changge.art\/index.php\/hestia-front\/"},"modified":"2025-09-11T08:22:40","modified_gmt":"2025-09-11T08:22:40","slug":"hestia-front","status":"publish","type":"page","link":"https:\/\/www.changge.art\/","title":{"rendered":"P\u00e1gina de inicio"},"content":{"rendered":"\n<p class=\"has-text-align-center\"><em><strong>Un bolet\u00edn semanal que te env\u00eda nuestras principales historias de personas <\/strong>y perspectivas de ayuda de las organizaciones sin \u00e1nimo de lucro adheridas <strong>que a trav\u00e9s de Cangge.art han mejorado sus vidas<\/strong> directamente a tu bandeja de entrada.<\/em><\/p>\n","protected":false},"excerpt":{"rendered":"<p>Un bolet\u00edn semanal que te env\u00eda nuestras principales historias de personas y perspectivas de ayuda de las organizaciones sin \u00e1nimo de lucro adheridas que a trav\u00e9s de Cangge.art han mejorado sus vidas directamente a tu bandeja de entrada.<\/p>\n","protected":false},"author":1,"featured_media":0,"parent":0,"menu_order":0,"comment_status":"closed","ping_status":"closed","template":"","meta":{"footnotes":""},"class_list":["post-13","page","type-page","status-publish","hentry"],"_links":{"self":[{"href":"https:\/\/www.changge.art\/index.php\/wp-json\/wp\/v2\/pages\/13","targetHints":{"allow":["GET"]}}],"collection":[{"href":"https:\/\/www.changge.art\/index.php\/wp-json\/wp\/v2\/pages"}],"about":[{"href":"https:\/\/www.changge.art\/index.php\/wp-json\/wp\/v2\/types\/page"}],"author":[{"embeddable":true,"href":"https:\/\/www.changge.art\/index.php\/wp-json\/wp\/v2\/users\/1"}],"replies":[{"embeddable":true,"href":"https:\/\/www.changge.art\/index.php\/wp-json\/wp\/v2\/comments?post=13"}],"version-history":[{"count":1,"href":"https:\/\/www.changge.art\/index.php\/wp-json\/wp\/v2\/pages\/13\/revisions"}],"predecessor-version":[{"id":96,"href":"https:\/\/www.changge.art\/index.php\/wp-json\/wp\/v2\/pages\/13\/revisions\/96"}],"wp:attachment":[{"href":"https:\/\/www.changge.art\/index.php\/wp-json\/wp\/v2\/media?parent=13"}],"curies":[{"name":"wp","href":"https:\/\/api.w.org\/{rel}","templated":true}]}}